{"id":31,"date":"2015-08-04T11:01:29","date_gmt":"2015-08-04T16:01:29","guid":{"rendered":"http:\/\/preycap.com.mx\/web\/?page_id=31"},"modified":"2017-09-10T16:06:33","modified_gmt":"2017-09-10T21:06:33","slug":"servicios","status":"publish","type":"page","link":"https:\/\/preycap.com.mx\/web\/servicios\/","title":{"rendered":"Servicios"},"content":{"rendered":"[vc_row fullwidth=&#8221;true&#8221;][vc_column][mk_page_title_box page_title=&#8221;SERVICIOS&#8221; page_subtitle=&#8221;Conoce Nuestro Portafolio&#8221; section_height=&#8221;700&#8243; bg_image=&#8221;http:\/\/preycap.com.mx\/web\/wp-content\/uploads\/2015\/08\/preycap_servicios_01a.jpg&#8221; bg_position=&#8221;center center&#8221; bg_stretch=&#8221;true&#8221; overlay=&#8221;rgba(0,0,0,0.36)&#8221; bg_effects=&#8221;parallaxZoomOut&#8221; font_color=&#8221;#c6ef21&#8243; font_weight=&#8221;bold&#8221; padding=&#8221;50&#8243; sub_font_color=&#8221;#eaeaea&#8221;][\/vc_column][\/vc_row][vc_row fullwidth=&#8221;true&#8221;][vc_column][mk_divider style=&#8221;thick_solid&#8221; border_color=&#8221;#dd9933&#8243; margin_top=&#8221;0&#8243; margin_bottom=&#8221;0&#8243;][\/vc_column][\/vc_row][mk_page_section attachment=&#8221;fixed&#8221; animation=&#8221;fade-in&#8221; predefined_bg=&#8221;5&#8243; sidebar=&#8221;sidebar-1&#8243;][vc_column][mk_padding_divider size=&#8221;80&#8243;][\/vc_column][vc_column width=&#8221;1\/4&#8243;][mk_padding_divider size=&#8221;140&#8243;][mk_image src=&#8221;http:\/\/preycap.com.mx\/web\/wp-content\/uploads\/2015\/08\/preycap_01-area-impacto-amb.png&#8221; image_size=&#8221;medium&#8221; align=&#8221;center&#8221; margin_bottom=&#8221;0&#8243; crop=&#8221;false&#8221;][\/vc_column][vc_column width=&#8221;3\/4&#8243;][mk_padding_divider][mk_title_box color=&#8221;#dd9933&#8243; size=&#8221;40&#8243; line_height=&#8221;12&#8243; font_weight=&#8221;bold&#8221; margin_bottom=&#8221;5&#8243; font_family=&#8221;none&#8221;]\u00c1rea de Impacto Ambiental[\/mk_title_box][mk_padding_divider size=&#8221;30&#8243;][mk_title_box color=&#8221;#dba978&#8243; size=&#8221;25&#8243; line_height=&#8221;12&#8243; margin_bottom=&#8221;5&#8243; font_family=&#8221;none&#8221;]ESTUDIOS AMBIENTALES[\/mk_title_box][mk_custom_list style=&#8221;mk-icon-pagelines&#8221;]\n<ul>\n<li>Declaratoria de Cumplimiento Ambiental (DCA)<\/li>\n<li>Evaluaci\u00f3n de Impacto Ambiental (EIA)<\/li>\n<li>Informe Preventivo (IP)<\/li>\n<li>Manifestaciones de Impacto Ambiental (MIA)\n<ul>\n<li>Modalidad Regional (MIA-R)<\/li>\n<li>Modalidad Particular (MIA-P)<\/li>\n<\/ul>\n<\/li>\n<li>Exenci\u00f3n de Manifestaci\u00f3n de Impacto Ambiental<\/li>\n<li>Modificaciones al proyecto<\/li>\n<li>Dictamen y evaluaci\u00f3n de da\u00f1os ambientales (EDA)<\/li>\n<li>Documento T\u00e9cnico Unificado (DTU)<\/li>\n<li>Estudios T\u00e9cnico-Justificativos (ETJ)<\/li>\n<li>Estudios y An\u00e1lisis de Riesgo Ambiental (ARR)<\/li>\n<li>Ordenamientos Ecol\u00f3gicos\n<ul>\n<li>Proyectos de Ordenamiento Ecol\u00f3gico del Territorio (POET)<\/li>\n<li>Ordenamiento Territorial (OT)<\/li>\n<li>Ordenamiento Ecol\u00f3gico (OE)<\/li>\n<\/ul>\n<\/li>\n<\/ul>\n[\/mk_custom_list][\/vc_column][vc_column][mk_padding_divider size=&#8221;80&#8243;][\/vc_column][\/mk_page_section][mk_page_section bg_image=&#8221;http:\/\/preycap.com.mx\/web\/wp-content\/uploads\/2015\/07\/33.png&#8221; attachment=&#8221;fixed&#8221; animation=&#8221;fade-in&#8221; sidebar=&#8221;sidebar-1&#8243;][vc_column][mk_padding_divider size=&#8221;80&#8243;][\/vc_column][vc_column width=&#8221;1\/4&#8243;][mk_padding_divider size=&#8221;80&#8243;][mk_image src=&#8221;http:\/\/preycap.com.mx\/web\/wp-content\/uploads\/2015\/08\/preycap_02-area-ordenamiento.png&#8221; image_size=&#8221;medium&#8221; align=&#8221;center&#8221; margin_bottom=&#8221;0&#8243; crop=&#8221;false&#8221;][\/vc_column][vc_column width=&#8221;3\/4&#8243;][mk_padding_divider][mk_title_box color=&#8221;#dd9933&#8243; size=&#8221;40&#8243; line_height=&#8221;12&#8243; font_weight=&#8221;bold&#8221; margin_bottom=&#8221;5&#8243; font_family=&#8221;none&#8221;]\u00c1REA DE SISTEMAS AMBIENTALES[\/mk_title_box][mk_padding_divider][mk_title_box color=&#8221;#dba978&#8243; size=&#8221;30&#8243; line_height=&#8221;12&#8243; margin_bottom=&#8221;5&#8243; font_family=&#8221;none&#8221;]AGUA Y SUELO[\/mk_title_box][mk_custom_list style=&#8221;mk-moon-earth&#8221;]\n<ul>\n<li>Identificaci\u00f3n, An\u00e1lisis y Valoraci\u00f3n de Sistemas Acu\u00e1ticos y Biota<\/li>\n<li>Evaluaci\u00f3n y Monitoreo de Alteraciones a Sistemas Acu\u00e1ticos<\/li>\n<li>Caracterizaciones Ecol\u00f3gicas<\/li>\n<li>Evaluaci\u00f3n de la Calidad del Sitio<\/li>\n<li>Remediaci\u00f3n de Sitios Contaminados<\/li>\n<li>Construcci\u00f3n y dise\u00f1o de represas anti erosi\u00f3n<\/li>\n<\/ul>\n[\/mk_custom_list][mk_title_box color=&#8221;#dba978&#8243; size=&#8221;30&#8243; line_height=&#8221;12&#8243; margin_bottom=&#8221;5&#8243; font_family=&#8221;none&#8221;]VIDA SILVESTRE[\/mk_title_box][mk_custom_list style=&#8221;mk-icon-tree&#8221;]\n<ul>\n<li>Desarrollo de planes de Manejo, Implementaci\u00f3n, Operaci\u00f3n, Mantenimiento y Gesti\u00f3n de Autorizaciones de Unidades de manejo para la conservaci\u00f3n y aprovechamiento sustentable de la vida silvestre (UMA) y Predios e Instalaciones que Manejen Vida Silvestre Fuera de su H\u00e1bitat Natural (PIMVS).<\/li>\n<li>Ejecuci\u00f3n y Elaboraci\u00f3n de Programas de Protecci\u00f3n, Rescate y Reubicaci\u00f3n de Fauna Silvestre.<\/li>\n<li>Construcci\u00f3n y Monitoreo de Pasos de Fauna Silvestre.<\/li>\n<li>Ejecuci\u00f3n y Elaboraci\u00f3n de Programas de Protecci\u00f3n, Rescate y Reubicaci\u00f3n de Flora Silvestre.<\/li>\n<li>Muestreo y censo de poblaciones de Fauna Silvestre.<\/li>\n<li>Estudios, inventarios y Listados Flor\u00edsticos y Faun\u00edsticos.<\/li>\n<\/ul>\n[\/mk_custom_list][mk_title_box color=&#8221;#dba978&#8243; size=&#8221;30&#8243; line_height=&#8221;12&#8243; margin_bottom=&#8221;5&#8243; font_family=&#8221;none&#8221;]FORESTAL[\/mk_title_box][mk_custom_list style=&#8221;mk-li-leaf&#8221;]\n<ul>\n<li>Tr\u00e1mite y seguimiento de constancia para el aprovechamiento de recursos forestales que provengan de terrenos diversos a los forestales (SEMARNAT-03-050).<\/li>\n<li>Tr\u00e1mite y seguimiento de Solicitud de Remisiones Forestales para acreditar la legal procedencia de materias primas forestales.<\/li>\n<li>Levantamientos Forestales y programas de Reforestaci\u00f3n<\/li>\n<li>Revegetaci\u00f3n de taludes<\/li>\n<li>Elaboraci\u00f3n, Supervisi\u00f3n y Ejecuci\u00f3n de Programas de Restauraci\u00f3n Ecol\u00f3gica y Reforestaci\u00f3n.<\/li>\n<li>Dictamen, supervisi\u00f3n y Derribo de arbolado urbano (NADF-001-RNAT-2006; NADF-006-RNAT-2004).<\/li>\n<\/ul>\n[\/mk_custom_list][mk_title_box color=&#8221;#dba978&#8243; size=&#8221;30&#8243; line_height=&#8221;12&#8243; margin_bottom=&#8221;5&#8243; font_family=&#8221;none&#8221;]CARTOGRAF\u00cdA Y SISTEMAS DE INFORMACI\u00d3N GEOGR\u00c1FICA[\/mk_title_box][mk_custom_list style=&#8221;mk-moon-compass&#8221;]\n<ul>\n<li>Elaboraci\u00f3n de Cartograf\u00eda<\/li>\n<li>Cartograf\u00eda tem\u00e1tica<\/li>\n<li>An\u00e1lisis y levantamiento Espacial<\/li>\n<li>An\u00e1lisis de Cuencas<\/li>\n<li>An\u00e1lisis de Im\u00e1genes de Sat\u00e9lite<\/li>\n<li>Delimitaci\u00f3n para \u00c1reas Naturales Protegidas y Reservas Ecol\u00f3gicas<\/li>\n<\/ul>\n[\/mk_custom_list][mk_title_box color=&#8221;#dba978&#8243; size=&#8221;30&#8243; line_height=&#8221;12&#8243; margin_bottom=&#8221;5&#8243; font_family=&#8221;none&#8221;]SUPERVISI\u00d3N AMBIENTAL DE OBRA[\/mk_title_box][mk_custom_list style=&#8221;mk-moon-briefcase&#8221;]\n<ul>\n<li>Cumplimiento de t\u00e9rminos y condicionantes de SEMARNAT en materia de<br \/>\nResolutivos<\/li>\n<\/ul>\n[\/mk_custom_list][\/vc_column][vc_column][mk_padding_divider size=&#8221;80&#8243;][\/vc_column][\/mk_page_section][mk_page_section attachment=&#8221;fixed&#8221; animation=&#8221;fade-in&#8221; predefined_bg=&#8221;5&#8243; sidebar=&#8221;sidebar-1&#8243;][vc_column][mk_padding_divider size=&#8221;80&#8243;][\/vc_column][vc_column width=&#8221;1\/4&#8243;][mk_padding_divider size=&#8221;80&#8243;][mk_image src=&#8221;http:\/\/preycap.com.mx\/web\/wp-content\/uploads\/2015\/08\/preycap_05-area-laboratorio.png&#8221; image_size=&#8221;medium&#8221; align=&#8221;center&#8221; margin_bottom=&#8221;0&#8243; crop=&#8221;false&#8221;][\/vc_column][vc_column width=&#8221;3\/4&#8243;][mk_padding_divider][mk_title_box color=&#8221;#dd9933&#8243; size=&#8221;40&#8243; line_height=&#8221;12&#8243; font_weight=&#8221;bold&#8221; margin_bottom=&#8221;5&#8243; font_family=&#8221;none&#8221;]\u00c1REA DE LABORATORIO DE AN\u00c1LISIS[\/mk_title_box][mk_padding_divider][mk_title_box color=&#8221;#dba978&#8243; size=&#8221;25&#8243; line_height=&#8221;12&#8243; margin_bottom=&#8221;5&#8243; font_family=&#8221;none&#8221;]AGUA[\/mk_title_box][mk_custom_list style=&#8221;mk-moon-droplet-4&#8243;]\n<ul>\n<li>An\u00e1lisis y muestreo, atendiendo las siguientes normas:\n<ul>\n<li>NOM-001-SEMARNAT-1996<\/li>\n<li>NOM-002-SEMARNAT-1996<\/li>\n<li>NOM-003-SEMARNAT-1996<\/li>\n<li>NOM-127-SSA1-1994<\/li>\n<\/ul>\n<\/li>\n<\/ul>\n[\/mk_custom_list][mk_padding_divider size=&#8221;5&#8243;][mk_title_box color=&#8221;#dba978&#8243; size=&#8221;25&#8243; line_height=&#8221;12&#8243; margin_bottom=&#8221;5&#8243; font_family=&#8221;none&#8221;]AIRE[\/mk_title_box][mk_custom_list style=&#8221;mk-moon-windy&#8221;]\n<ul>\n<li>Aire perimetral (PST\u00b4s)<\/li>\n<li>Di\u00f3xido de azufre, tri\u00f3xido de azufre y Neblinas de \u00e1cido sulf\u00farico<\/li>\n<li>Cloro y Cloruros<\/li>\n<li>Gases de Combusti\u00f3n<\/li>\n<li>Part\u00edculas s\u00f3lidas<\/li>\n<li>Part\u00edculas s\u00f3lidas totales<\/li>\n<li>Metales<\/li>\n<li>Compuestos Org\u00e1nicos Vol\u00e1tiles<\/li>\n<\/ul>\n[\/mk_custom_list][mk_padding_divider size=&#8221;5&#8243;][mk_title_box color=&#8221;#dba978&#8243; size=&#8221;25&#8243; line_height=&#8221;12&#8243; margin_bottom=&#8221;5&#8243; font_family=&#8221;none&#8221;]SUELO Y RESIDUOS[\/mk_title_box][mk_custom_list style=&#8221;mk-icon-trash-o&#8221;]\n<ul>\n<li>Elaboraci\u00f3n de C\u00e9dula de Operaci\u00f3n Anual (COA)<\/li>\n<li>Elaboraci\u00f3n e Implementaci\u00f3n de Planes de Manejo de Residuos peligrosos, de manejo especial, s\u00f3lidos urbanos, etc.<\/li>\n<li>Fertilidad, Salinidad y Clasificaci\u00f3n de suelos (NOM-RECNAT-2000)<\/li>\n<li>Lodos y Bios\u00f3lidos (NOM-004-SEMARNAT-2002)<\/li>\n<li>Residuos peligrosos (NOM-053-SEMARNAT-1993)<\/li>\n<li>Asesor\u00eda y Gesti\u00f3n de Residuos Peligrosos<\/li>\n<\/ul>\n[\/mk_custom_list][mk_padding_divider size=&#8221;5&#8243;][mk_title_box color=&#8221;#dba978&#8243; size=&#8221;25&#8243; line_height=&#8221;12&#8243; margin_bottom=&#8221;5&#8243; font_family=&#8221;none&#8221;]SEGURIDAD E HIGIENE INDUSTRIAL[\/mk_title_box][mk_custom_list style=&#8221;mk-li-like&#8221;]\n<ul>\n<li>Diagn\u00f3stico de Seguridad<\/li>\n<li>An\u00e1lisis de Riesgo Laboral<\/li>\n<li>Ruido (NOM-011-STPS-2001)<\/li>\n<li>Iluminaci\u00f3n (NOM-025-STPS-2008)<\/li>\n<li>Temperaturas elevadas o abatidas (NOM-015-STPS-2001)<\/li>\n<li>Polvos respirables<\/li>\n<li>Polvos totales<\/li>\n<li>Vibraciones<\/li>\n<li>Condiciones t\u00e9rmicas<\/li>\n<li>Compuestos org\u00e1nicos vol\u00e1tiles<\/li>\n<li>Neblinas \u00e1cidas y alcalinas<\/li>\n<li>Planes de emergencia<\/li>\n<li>Manuales y procedimientos en el manejo de materiales<\/li>\n<li>Se\u00f1alizaci\u00f3n industrial y vial.<\/li>\n<\/ul>\n[\/mk_custom_list][\/vc_column][vc_column][mk_padding_divider size=&#8221;80&#8243;][\/vc_column][\/mk_page_section][mk_page_section bg_image=&#8221;http:\/\/preycap.com.mx\/web\/wp-content\/uploads\/2015\/07\/33.png&#8221; attachment=&#8221;fixed&#8221; animation=&#8221;fade-in&#8221; predefined_bg=&#8221;5&#8243; sidebar=&#8221;sidebar-1&#8243;][vc_column][mk_padding_divider size=&#8221;80&#8243;][\/vc_column][vc_column width=&#8221;1\/4&#8243;][mk_padding_divider size=&#8221;80&#8243;][mk_image src=&#8221;http:\/\/preycap.com.mx\/web\/wp-content\/uploads\/2015\/08\/calidad-icon.png&#8221; image_size=&#8221;medium&#8221; align=&#8221;center&#8221; margin_bottom=&#8221;0&#8243; crop=&#8221;false&#8221;][\/vc_column][vc_column width=&#8221;3\/4&#8243;][mk_padding_divider][mk_title_box color=&#8221;#dd9933&#8243; size=&#8221;40&#8243; line_height=&#8221;12&#8243; font_weight=&#8221;bold&#8221; margin_bottom=&#8221;5&#8243; font_family=&#8221;none&#8221;]\u00c1rea de Gesti\u00f3n de Calidad[\/mk_title_box][mk_padding_divider size=&#8221;30&#8243;][mk_custom_list style=&#8221;mk-icon-book&#8221;]\n<ul>\n<li>Auditor\u00edas externas e internas de Sistemas de Calidad<\/li>\n<li>Sistemas de Gesti\u00f3n Ambiental<\/li>\n<li>Sistema de Protecci\u00f3n Contra Incendios y Memoria de Calculo<\/li>\n<li>Programa de Prevenci\u00f3n de Accidentes<\/li>\n<li>Implementaci\u00f3n de acciones y seguimiento de procedimientos para la obtenci\u00f3n\u00a0de:\n<ul>\n<li>ISO-IEC 17025 (NMX-EC- 17025)<\/li>\n<li>ISO-9000<\/li>\n<li>ISO 14001<\/li>\n<\/ul>\n<\/li>\n<li>Elaboraci\u00f3n de Manuales y Procedimientos<\/li>\n<li>Dise\u00f1o, instalaci\u00f3n y supervisi\u00f3n de Sistemas de Monitoreo y Programas de\u00a0Administraci\u00f3n Ambiental.<\/li>\n<\/ul>\n[\/mk_custom_list][\/vc_column][vc_column][mk_padding_divider size=&#8221;80&#8243;][\/vc_column][\/mk_page_section][mk_page_section attachment=&#8221;fixed&#8221; animation=&#8221;fade-in&#8221; predefined_bg=&#8221;5&#8243; sidebar=&#8221;sidebar-1&#8243;][vc_column][mk_padding_divider size=&#8221;80&#8243;][\/vc_column][vc_column width=&#8221;1\/4&#8243;][mk_padding_divider size=&#8221;80&#8243;][mk_image src=&#8221;http:\/\/preycap.com.mx\/web\/wp-content\/uploads\/2015\/08\/preycap_04-area-capacitacion03.png&#8221; image_size=&#8221;medium&#8221; align=&#8221;center&#8221; margin_bottom=&#8221;0&#8243; crop=&#8221;false&#8221;][\/vc_column][vc_column width=&#8221;3\/4&#8243;][mk_padding_divider][mk_title_box color=&#8221;#dd9933&#8243; size=&#8221;40&#8243; line_height=&#8221;12&#8243; font_weight=&#8221;bold&#8221; margin_bottom=&#8221;5&#8243; font_family=&#8221;none&#8221;]\u00c1rea de Capacitaci\u00f3n y Educaci\u00f3n Ambiental[\/mk_title_box][mk_padding_divider size=&#8221;30&#8243;][mk_title_box color=&#8221;#dba978&#8243; size=&#8221;25&#8243; line_height=&#8221;12&#8243; margin_bottom=&#8221;5&#8243; font_family=&#8221;none&#8221;]CAPACITACI\u00d3N AMBIENTAL[\/mk_title_box][mk_title_box color=&#8221;#eded76&#8243; size=&#8221;16&#8243; line_height=&#8221;12&#8243; margin_top=&#8221;10&#8243; margin_bottom=&#8221;10&#8243; font_family=&#8221;none&#8221;]Oferta de Cursos[\/mk_title_box][mk_custom_list style=&#8221;mk-icon-mortar-board&#8221;]\n<ul>\n<li><span style=\"font-weight: 400;\">Sistemas de Informaci\u00f3n geogr\u00e1fica (SIG)<\/span><\/li>\n<li><span style=\"font-weight: 400;\">Conservaci\u00f3n y recuperaci\u00f3n de fauna silvestre<\/span><\/li>\n<li><span style=\"font-weight: 400;\">T\u00e9cnicas de regeneraci\u00f3n de suelo<\/span><\/li>\n<li><span style=\"font-weight: 400;\">Restauraci\u00f3n Ecol\u00f3gica <\/span><\/li>\n<li><span style=\"font-weight: 400;\">Identificaci\u00f3n de plantas<\/span><\/li>\n<li><span style=\"font-weight: 400;\">Identificaci\u00f3n de animales (aves, mam\u00edferos, reptiles)<\/span><\/li>\n<li><span style=\"font-weight: 400;\">Unidades de manejo para la conservaci\u00f3n y aprovechamiento sustentable de la vida silvestre (UMA) <\/span><\/li>\n<li><span style=\"font-weight: 400;\">Predios e Instalaciones que Manejen Vida Silvestre Fuera de su H\u00e1bitat Natural (PIMVS).<\/span><\/li>\n<li><span style=\"font-weight: 400;\">Impacto Ambiental<\/span><\/li>\n<li><span style=\"font-weight: 400;\">Manejo de Residuos<\/span><\/li>\n<li><span style=\"font-weight: 400;\">Servicios Ambientales<\/span><\/li>\n<li><span style=\"font-weight: 400;\">Derecho ambiental<\/span><\/li>\n<li><span style=\"font-weight: 400;\">Legislaci\u00f3n ambiental y forestal<\/span><\/li>\n<\/ul>\n[\/mk_custom_list][mk_title_box color=&#8221;#dba978&#8243; size=&#8221;25&#8243; line_height=&#8221;12&#8243; margin_bottom=&#8221;5&#8243; font_family=&#8221;none&#8221;]EDUCACI\u00d3N AMBIENTAL[\/mk_title_box][mk_custom_list style=&#8221;mk-icon-check-circle&#8221;]\n<ul>\n<li><span style=\"font-weight: 400;\">Diagn\u00f3stico, planeaci\u00f3n, dise\u00f1o, ejecuci\u00f3n, supervisi\u00f3n, evaluaci\u00f3n y asesor\u00eda de todo tipo de actividades de educaci\u00f3n ambiental.<\/span><\/li>\n<li><span style=\"font-weight: 400;\">Formaci\u00f3n de una cultura ambiental en los alumnos de educaci\u00f3n de nivel preescolar, b\u00e1sica y media superior; as\u00ed como a docentes y padres de familia para, para lograr una participaci\u00f3n en la soluci\u00f3n de problemas ambientales<\/span><\/li>\n<li><span style=\"font-weight: 400;\">Elaboraci\u00f3n de materiales did\u00e1cticos, educativos, literarios o de divulgaci\u00f3n para la realizaci\u00f3n de actividades de educaci\u00f3n ambiental.<\/span><\/li>\n<li><span style=\"font-weight: 400;\">Cursos de Verano<\/span><\/li>\n<li><span style=\"font-weight: 400;\">Dise\u00f1o y elaboraci\u00f3n de materiales did\u00e1cticos, educativos, literarios o de divulgaci\u00f3n.<\/span><\/li>\n<li><span style=\"font-weight: 400;\">Pl\u00e1ticas y talleres.<\/span>\n<ul>\n<li><span style=\"font-weight: 400;\">Huertos familiares<\/span><\/li>\n<li><span style=\"font-weight: 400;\">Elaboraci\u00f3n de bolsas de regalo con material reciclado<\/span><\/li>\n<li><span style=\"font-weight: 400;\">Elaboraci\u00f3n de jabones<\/span><\/li>\n<li><span style=\"font-weight: 400;\">Plantas medicinales<\/span><\/li>\n<li><span style=\"font-weight: 400;\">Propagaci\u00f3n de Orqu\u00eddeas<\/span><\/li>\n<li><span style=\"font-weight: 400;\">Hongos comestibles<\/span><\/li>\n<li><span style=\"font-weight: 400;\">Jardines verticales<\/span><\/li>\n<li><span style=\"font-weight: 400;\">Azoteas verdes<\/span><\/li>\n<li><span style=\"font-weight: 400;\">Jardiner\u00eda<\/span><\/li>\n<\/ul>\n<\/li>\n<\/ul>\n[\/mk_custom_list][\/vc_column][vc_column][mk_padding_divider size=&#8221;80&#8243;][\/vc_column][\/mk_page_section][vc_row][vc_column][vc_raw_html]JTNDJTIxLS0lMjBHbyUyMHRvJTIwd3d3LmFkZHRoaXMuY29tJTJGZGFzaGJvYXJkJTIwdG8lMjBjdXN0b21pemUlMjB5b3VyJTIwdG9vbHMlMjAtLSUzRSUwQSUzQ3NjcmlwdCUyMHR5cGUlM0QlMjJ0ZXh0JTJGamF2YXNjcmlwdCUyMiUyMHNyYyUzRCUyMiUyRiUyRnM3LmFkZHRoaXMuY29tJTJGanMlMkYzMDAlMkZhZGR0aGlzX3dpZGdldC5qcyUyM3B1YmlkJTNEcmEtNTYyMWU4NTQxOWJkMDI1MCUyMiUyMGFzeW5jJTNEJTIyYXN5bmMlMjIlM0UlM0MlMkZzY3JpcHQlM0UlMEE=[\/vc_raw_html][\/vc_column][\/vc_row]\n","protected":false},"excerpt":{"rendered":"<p>[vc_row fullwidth=&#8221;true&#8221;][vc_column][mk_page_title_box page_title=&#8221;SERVICIOS&#8221; page_subtitle=&#8221;Conoce Nuestro Portafolio&#8221; section_height=&#8221;700&#8243; bg_image=&#8221;http:\/\/preycap.com.mx\/web\/wp-content\/uploads\/2015\/08\/preycap_servicios_01a.jpg&#8221; bg_position=&#8221;center center&#8221; bg_stretch=&#8221;true&#8221; overlay=&#8221;rgba(0,0,0,0.36)&#8221; bg_effects=&#8221;parallaxZoomOut&#8221; font_color=&#8221;#c6ef21&#8243; font_weight=&#8221;bold&#8221; padding=&#8221;50&#8243; sub_font_color=&#8221;#eaeaea&#8221;][\/vc_column][\/vc_row][vc_row fullwidth=&#8221;true&#8221;][vc_column][mk_divider style=&#8221;thick_solid&#8221; border_color=&#8221;#dd9933&#8243; margin_top=&#8221;0&#8243; margin_bottom=&#8221;0&#8243;][\/vc_column][\/vc_row][mk_page_section attachment=&#8221;fixed&#8221; animation=&#8221;fade-in&#8221; predefined_bg=&#8221;5&#8243; sidebar=&#8221;sidebar-1&#8243;][vc_column][mk_padding_divider size=&#8221;80&#8243;][\/vc_column][vc_column width=&#8221;1\/4&#8243;][mk_padding_divider size=&#8221;140&#8243;][mk_image src=&#8221;http:\/\/preycap.com.mx\/web\/wp-content\/uploads\/2015\/08\/preycap_01-area-impacto-amb.png&#8221; image_size=&#8221;medium&#8221; align=&#8221;center&#8221; margin_bottom=&#8221;0&#8243; crop=&#8221;false&#8221;][\/vc_column][vc_column width=&#8221;3\/4&#8243;][mk_padding_divider][mk_title_box color=&#8221;#dd9933&#8243; size=&#8221;40&#8243; line_height=&#8221;12&#8243; font_weight=&#8221;bold&#8221; margin_bottom=&#8221;5&#8243; font_family=&#8221;none&#8221;]\u00c1rea de Impacto Ambiental[\/mk_title_box][mk_padding_divider size=&#8221;30&#8243;][mk_title_box color=&#8221;#dba978&#8243; size=&#8221;25&#8243; line_height=&#8221;12&#8243; margin_bottom=&#8221;5&#8243; font_family=&#8221;none&#8221;]ESTUDIOS AMBIENTALES[\/mk_title_box][mk_custom_list style=&#8221;mk-icon-pagelines&#8221;] Declaratoria de Cumplimiento [&hellip;]<\/p>\n","protected":false},"author":1,"featured_media":0,"parent":0,"menu_order":3,"comment_status":"closed","ping_status":"open","template":"","meta":[],"_links":{"self":[{"href":"https:\/\/preycap.com.mx\/web\/wp-json\/wp\/v2\/pages\/31"}],"collection":[{"href":"https:\/\/preycap.com.mx\/web\/wp-json\/wp\/v2\/pages"}],"about":[{"href":"https:\/\/preycap.com.mx\/web\/wp-json\/wp\/v2\/types\/page"}],"author":[{"embeddable":true,"href":"https:\/\/preycap.com.mx\/web\/wp-json\/wp\/v2\/users\/1"}],"replies":[{"embeddable":true,"href":"https:\/\/preycap.com.mx\/web\/wp-json\/wp\/v2\/comments?post=31"}],"version-history":[{"count":225,"href":"https:\/\/preycap.com.mx\/web\/wp-json\/wp\/v2\/pages\/31\/revisions"}],"predecessor-version":[{"id":1150,"href":"https:\/\/preycap.com.mx\/web\/wp-json\/wp\/v2\/pages\/31\/revisions\/1150"}],"wp:attachment":[{"href":"https:\/\/preycap.com.mx\/web\/wp-json\/wp\/v2\/media?parent=31"}],"curies":[{"name":"wp","href":"https:\/\/api.w.org\/{rel}","templated":true}]}}