{"id":27,"date":"2015-08-04T11:00:35","date_gmt":"2015-08-04T16:00:35","guid":{"rendered":"http:\/\/preycap.com.mx\/web\/?page_id=27"},"modified":"2017-09-05T16:36:42","modified_gmt":"2017-09-05T21:36:42","slug":"nosotros","status":"publish","type":"page","link":"https:\/\/preycap.com.mx\/web\/nosotros\/","title":{"rendered":"Nosotros"},"content":{"rendered":"[vc_row fullwidth=&#8221;true&#8221;][vc_column][mk_page_title_box page_title=&#8221;NOSOTROS&#8221; page_subtitle=&#8221;Conoce quienes somos.&#8221; section_height=&#8221;700&#8243; bg_image=&#8221;https:\/\/preycap.com.mx\/web\/wp-content\/uploads\/2015\/08\/preycap_nosotros_01a.jpg&#8221; bg_stretch=&#8221;true&#8221; overlay=&#8221;rgba(0,0,0,0.3)&#8221; bg_effects=&#8221;parallaxZoomOut&#8221; font_color=&#8221;#c6ef21&#8243; font_weight=&#8221;bold&#8221; padding=&#8221;50&#8243; sub_font_color=&#8221;#eaeaea&#8221;][\/vc_column][\/vc_row][vc_row fullwidth=&#8221;true&#8221;][vc_column][mk_divider style=&#8221;thick_solid&#8221; border_color=&#8221;#dd9933&#8243; margin_top=&#8221;0&#8243; margin_bottom=&#8221;0&#8243;][vc_raw_html]JTNDJTIxLS0lMjBHbyUyMHRvJTIwd3d3LmFkZHRoaXMuY29tJTJGZGFzaGJvYXJkJTIwdG8lMjBjdXN0b21pemUlMjB5b3VyJTIwdG9vbHMlMjAtLSUzRSUwQSUzQ3NjcmlwdCUyMHR5cGUlM0QlMjJ0ZXh0JTJGamF2YXNjcmlwdCUyMiUyMHNyYyUzRCUyMiUyRiUyRnM3LmFkZHRoaXMuY29tJTJGanMlMkYzMDAlMkZhZGR0aGlzX3dpZGdldC5qcyUyM3B1YmlkJTNEcmEtNTYyMWU4NTQxOWJkMDI1MCUyMiUyMGFzeW5jJTNEJTIyYXN5bmMlMjIlM0UlM0MlMkZzY3JpcHQlM0U=[\/vc_raw_html][mk_padding_divider size=&#8221;100&#8243;][\/vc_column][\/vc_row][vc_row][vc_column width=&#8221;1\/3&#8243;][mk_fancy_title color=&#8221;#f4f4f4&#8243; size=&#8221;45&#8243; font_weight=&#8221;900&#8243; txt_transform=&#8221;uppercase&#8221; margin_bottom=&#8221;0&#8243; font_family=&#8221;none&#8221; animation=&#8221;scale-up&#8221;]\n<p>Historia<\/p>\n[\/mk_fancy_title][mk_divider style=&#8221;thick_solid&#8221; divider_width=&#8221;one_half&#8221; align=&#8221;left&#8221; border_color=&#8221;#dd9933&#8243; margin_top=&#8221;0&#8243; margin_bottom=&#8221;5&#8243;][mk_image src=&#8221;https:\/\/preycap.com.mx\/web\/wp-content\/uploads\/2015\/08\/icon-book.png&#8221; margin_bottom=&#8221;0&#8243; animation=&#8221;scale-up&#8221; crop=&#8221;false&#8221;][\/vc_column][vc_column width=&#8221;1\/3&#8243;][vc_column_text disable_pattern=&#8221;false&#8221; animation=&#8221;scale-up&#8221;]\n<p><strong>Proyectos Especializados en Impacto y Capacitaci\u00f3n Ambiental S. de R.L. de C.V.,<\/strong> (PREYCAP) se constituye por un grupo de bi\u00f3logos experimentados en materia de protecci\u00f3n al ambiente, colaboradores especialistas en diferentes sectores profesionales, t\u00e9cnicos y administrativos, respaldados por abogados expertos en el \u00e1mbito legal.<\/p>\n[\/vc_column_text][\/vc_column][vc_column width=&#8221;1\/3&#8243;][vc_column_text disable_pattern=&#8221;false&#8221; animation=&#8221;scale-up&#8221;]\n<p>Conformando as\u00ed un grupo multidisciplinario que tiene por objetivo ofrecer servicios ambientales de calidad en diversas ramas de la ecolog\u00eda, dando soluciones t\u00e9cnicas y profesionales, promoviendo la sustentabilidad de los recursos naturales y culturales.<\/p>\n[\/vc_column_text][\/vc_column][vc_column][mk_padding_divider size=&#8221;100&#8243;][\/vc_column][\/vc_row][mk_page_section bg_image=&#8221;https:\/\/preycap.com.mx\/web\/wp-content\/uploads\/2015\/07\/33.png&#8221; attachment=&#8221;fixed&#8221; video_opacity=&#8221;0.3&#8243; min_height=&#8221;400&#8243; full_height=&#8221;true&#8221; predefined_bg=&#8221;33&#8243; sidebar=&#8221;sidebar-1&#8243;][vc_column][mk_padding_divider][mk_fancy_title color=&#8221;#dd9933&#8243; size=&#8221;50&#8243; font_weight=&#8221;bold&#8221; txt_transform=&#8221;uppercase&#8221; letter_spacing=&#8221;3&#8243; margin_bottom=&#8221;25&#8243; font_family=&#8221;none&#8221; align=&#8221;center&#8221; animation=&#8221;top-to-bottom&#8221;]\n<p>Nuestros Valores<\/p>\n[\/mk_fancy_title][mk_padding_divider][mk_steps step=&#8221;5&#8243; hover_color=&#8221;#300000&#8243; icon_1=&#8221;mk-icon-graduation-cap&#8221; title_1=&#8221;\u00c9tica&#8221; icon_2=&#8221;mk-moon-stack-list&#8221; title_2=&#8221;Calidad&#8221; icon_3=&#8221;mk-moon-signup&#8221; title_3=&#8221;Responsabilidad&#8221; icon_4=&#8221;mk-moon-link-4&#8243; title_4=&#8221;Igualdad&#8221; icon_5=&#8221;mk-moon-pen-2&#8243; title_5=&#8221;Compromiso&#8221;][mk_padding_divider size=&#8221;60&#8243;][\/vc_column][\/mk_page_section][vc_row][vc_column][mk_padding_divider size=&#8221;110&#8243;][\/vc_column][vc_column width=&#8221;1\/3&#8243;][mk_fancy_title color=&#8221;#f4f4f4&#8243; size=&#8221;40&#8243; font_weight=&#8221;900&#8243; txt_transform=&#8221;uppercase&#8221; margin_bottom=&#8221;5&#8243; font_family=&#8221;none&#8221; animation=&#8221;left-to-right&#8221;]Pol\u00edtica<\/p>\n<p>de\u00a0Calidad[\/mk_fancy_title][mk_divider style=&#8221;thick_solid&#8221; divider_width=&#8221;one_half&#8221; align=&#8221;left&#8221; border_color=&#8221;#dd9933&#8243; margin_top=&#8221;5&#8243; margin_bottom=&#8221;5&#8243;][\/vc_column][vc_column width=&#8221;1\/3&#8243;][vc_column_text disable_pattern=&#8221;false&#8221; animation=&#8221;fade-in&#8221;]\n<p>Mediante el trabajo en equipo y su multidisciplinariedad, <strong>PREYCAP<\/strong>, provee soluciones y servicios de calidad, siempre con un comportamiento absolutamente responsable, \u00e9tico y profesional.<\/p>\n[\/vc_column_text][\/vc_column][vc_column width=&#8221;1\/3&#8243;][mk_image src=&#8221;https:\/\/preycap.com.mx\/web\/wp-content\/uploads\/2015\/08\/calidad-icon.png&#8221; align=&#8221;center&#8221; margin_bottom=&#8221;0&#8243; animation=&#8221;right-to-left&#8221; crop=&#8221;false&#8221;][\/vc_column][vc_column][mk_padding_divider size=&#8221;80&#8243;][\/vc_column][\/vc_row][mk_page_section bg_image=&#8221;http:\/\/preycap.com.mx\/web\/wp-content\/uploads\/2015\/07\/33.png&#8221; attachment=&#8221;fixed&#8221; min_height=&#8221;400&#8243; predefined_bg=&#8221;33&#8243; sidebar=&#8221;sidebar-1&#8243;][vc_column][mk_padding_divider size=&#8221;50&#8243;][\/vc_column][vc_column width=&#8221;1\/2&#8243;][mk_padding_divider size=&#8221;15&#8243;][mk_icon_box2 icon_size=&#8221;48&#8243; icon=&#8221;mk-li-cup&#8221; icon_color=&#8221;#efefef&#8221; icon_background_color=&#8221;#dd9933&#8243; title=&#8221;MISI\u00d3N&#8221; title_size=&#8221;35&#8243; title_weight=&#8221;bold&#8221; title_color=&#8221;#dd9933&#8243;]Brindar servicios de calidad de manera eficiente, \u00e9tica, responsable y profesional, ajustado a las necesidades de nuestros clientes, mediante soluciones t\u00e9cnicas efectivas, pr\u00e1cticas, estrat\u00e9gicas y apegadas a la normatividad vigente, que, a su vez, refuerce nuestro compromiso de promover el cuidado del medio ambiente, y la prevenci\u00f3n y mitigaci\u00f3n del da\u00f1o ecol\u00f3gico.[\/mk_icon_box2][\/vc_column][vc_column width=&#8221;1\/2&#8243;][mk_padding_divider size=&#8221;15&#8243;][mk_icon_box2 icon_size=&#8221;48&#8243; icon=&#8221;mk-moon-eye&#8221; icon_color=&#8221;#efefef&#8221; icon_background_color=&#8221;#dd9933&#8243; title=&#8221;VISI\u00d3N&#8221; title_size=&#8221;35&#8243; title_weight=&#8221;bold&#8221; title_color=&#8221;#dd9933&#8243;]Proyectarnos como un grupo de profesionistas l\u00edder en la prestaci\u00f3n de servicios ambientales y de consultor\u00eda, ejecutando y proveyendo soluciones y servicios efectivos de la m\u00e1s alta calidad, a trav\u00e9s de compromiso, profesionalismo y conciencia ecol\u00f3gica.[\/mk_icon_box2][\/vc_column][\/mk_page_section][vc_row][vc_column][mk_padding_divider size=&#8221;120&#8243;][mk_fancy_title color=&#8221;#dd9933&#8243; size=&#8221;40&#8243; font_weight=&#8221;bold&#8221; txt_transform=&#8221;uppercase&#8221; letter_spacing=&#8221;5&#8243; margin_bottom=&#8221;0&#8243; font_family=&#8221;none&#8221; align=&#8221;center&#8221;]METAS INSTITUCIONALES[\/mk_fancy_title][mk_padding_divider size=&#8221;30&#8243;][\/vc_column][\/vc_row][vc_row][vc_column width=&#8221;1\/3&#8243;][mk_imagebox show_as=&#8221;column&#8221; column=&#8221;1&#8243; padding=&#8221;10&#8243;][mk_imagebox_item item_image=&#8221;https:\/\/preycap.com.mx\/web\/wp-content\/uploads\/2015\/08\/preycap_nosotros_3b.jpg&#8221; image_padding=&#8221;false&#8221; background_color=&#8221;#711ebf&#8221; item_title=&#8221;Conservaci\u00f3n&#8221; title_text_size=&#8221;25&#8243; title_font_weight=&#8221;bold&#8221; title_color=&#8221;#ffffff&#8221;][\/mk_imagebox_item][\/mk_imagebox][\/vc_column][vc_column width=&#8221;1\/3&#8243;][mk_imagebox show_as=&#8221;column&#8221; column=&#8221;1&#8243; padding=&#8221;10&#8243;][mk_imagebox_item item_image=&#8221;http:\/\/preycap.com.mx\/web\/wp-content\/uploads\/2015\/08\/preycap_nosotros_3c2.jpg&#8221; image_padding=&#8221;false&#8221; background_color=&#8221;#1ebf56&#8243; item_title=&#8221;Cumplimiento&#8221; title_text_size=&#8221;25&#8243; title_font_weight=&#8221;bold&#8221; title_color=&#8221;#ffffff&#8221;][\/mk_imagebox_item][\/mk_imagebox][\/vc_column][vc_column width=&#8221;1\/3&#8243;][mk_imagebox show_as=&#8221;column&#8221; column=&#8221;1&#8243; padding=&#8221;10&#8243;][mk_imagebox_item item_image=&#8221;https:\/\/preycap.com.mx\/web\/wp-content\/uploads\/2015\/08\/preycap_nosotros_3a.jpg&#8221; image_padding=&#8221;false&#8221; background_color=&#8221;#1e73be&#8221; item_title=&#8221;Educaci\u00f3n&#8221; title_text_size=&#8221;25&#8243; title_font_weight=&#8221;bold&#8221; title_color=&#8221;#ffffff&#8221;][\/mk_imagebox_item][\/mk_imagebox][\/vc_column][vc_column][mk_padding_divider size=&#8221;110&#8243;][\/vc_column][\/vc_row][mk_page_section bg_image=&#8221;https:\/\/preycap.com.mx\/web\/wp-content\/uploads\/2015\/07\/33.png&#8221; attachment=&#8221;fixed&#8221; full_height=&#8221;true&#8221; predefined_bg=&#8221;33&#8243; sidebar=&#8221;sidebar-1&#8243;][vc_column][mk_fancy_title color=&#8221;#ededed&#8221; size=&#8221;40&#8243; txt_transform=&#8221;uppercase&#8221; letter_spacing=&#8221;4&#8243; margin_bottom=&#8221;0&#8243; font_family=&#8221;none&#8221; align=&#8221;center&#8221;]\n<p>Dejanos saber de t\u00ed&#8230;<\/p>\n[\/mk_fancy_title][mk_divider style=&#8221;thin_solid&#8221; divider_width=&#8221;one_half&#8221; margin_top=&#8221;0&#8243; margin_bottom=&#8221;30&#8243;][vc_column_text align=&#8221;center&#8221;]\n<p style=\"text-align: center;\">\u00bfTienes alg\u00fan proyecto en el cual requieres asesor\u00eda?<\/p>\n<p style=\"text-align: center;\">\u00bfBuscas un equipo de alto nivel profesional?<\/p>\n<p style=\"text-align: center;\">Dejanos tus datos en la secci\u00f3n de contacto y nos pondremos<\/p>\n<p style=\"text-align: center;\">en contacto para darte asistencia y asesor\u00eda.<\/p>\n[\/vc_column_text][mk_padding_divider size=&#8221;20&#8243;][mk_button dimension=&#8221;savvy&#8221; corner_style=&#8221;rounded&#8221; size=&#8221;x-large&#8221; icon=&#8221;mk-moon-mail-send&#8221; url=&#8221;https:\/\/www.preycap.com.mx\/web\/contacto\/&#8221; align=&#8221;center&#8221; outline_skin=&#8221;light&#8221;]CONTACTO<\/p>\n[\/mk_button][\/vc_column][\/mk_page_section]\n","protected":false},"excerpt":{"rendered":"<p>[vc_row fullwidth=&#8221;true&#8221;][vc_column][mk_page_title_box page_title=&#8221;NOSOTROS&#8221; page_subtitle=&#8221;Conoce quienes somos.&#8221; section_height=&#8221;700&#8243; bg_image=&#8221;https:\/\/preycap.com.mx\/web\/wp-content\/uploads\/2015\/08\/preycap_nosotros_01a.jpg&#8221; bg_stretch=&#8221;true&#8221; overlay=&#8221;rgba(0,0,0,0.3)&#8221; bg_effects=&#8221;parallaxZoomOut&#8221; font_color=&#8221;#c6ef21&#8243; font_weight=&#8221;bold&#8221; padding=&#8221;50&#8243; sub_font_color=&#8221;#eaeaea&#8221;][\/vc_column][\/vc_row][vc_row fullwidth=&#8221;true&#8221;][vc_column][mk_divider style=&#8221;thick_solid&#8221; border_color=&#8221;#dd9933&#8243; margin_top=&#8221;0&#8243; margin_bottom=&#8221;0&#8243;][vc_raw_html]JTNDJTIxLS0lMjBHbyUyMHRvJTIwd3d3LmFkZHRoaXMuY29tJTJGZGFzaGJvYXJkJTIwdG8lMjBjdXN0b21pemUlMjB5b3VyJTIwdG9vbHMlMjAtLSUzRSUwQSUzQ3NjcmlwdCUyMHR5cGUlM0QlMjJ0ZXh0JTJGamF2YXNjcmlwdCUyMiUyMHNyYyUzRCUyMiUyRiUyRnM3LmFkZHRoaXMuY29tJTJGanMlMkYzMDAlMkZhZGR0aGlzX3dpZGdldC5qcyUyM3B1YmlkJTNEcmEtNTYyMWU4NTQxOWJkMDI1MCUyMiUyMGFzeW5jJTNEJTIyYXN5bmMlMjIlM0UlM0MlMkZzY3JpcHQlM0U=[\/vc_raw_html][mk_padding_divider size=&#8221;100&#8243;][\/vc_column][\/vc_row][vc_row][vc_column width=&#8221;1\/3&#8243;][mk_fancy_title color=&#8221;#f4f4f4&#8243; size=&#8221;45&#8243; font_weight=&#8221;900&#8243; txt_transform=&#8221;uppercase&#8221; margin_bottom=&#8221;0&#8243; font_family=&#8221;none&#8221; animation=&#8221;scale-up&#8221;] Historia [\/mk_fancy_title][mk_divider style=&#8221;thick_solid&#8221; divider_width=&#8221;one_half&#8221; align=&#8221;left&#8221; border_color=&#8221;#dd9933&#8243; margin_top=&#8221;0&#8243; margin_bottom=&#8221;5&#8243;][mk_image src=&#8221;https:\/\/preycap.com.mx\/web\/wp-content\/uploads\/2015\/08\/icon-book.png&#8221; margin_bottom=&#8221;0&#8243; animation=&#8221;scale-up&#8221; crop=&#8221;false&#8221;][\/vc_column][vc_column width=&#8221;1\/3&#8243;][vc_column_text disable_pattern=&#8221;false&#8221; animation=&#8221;scale-up&#8221;] Proyectos Especializados en Impacto y Capacitaci\u00f3n Ambiental S. de R.L. de [&hellip;]<\/p>\n","protected":false},"author":1,"featured_media":0,"parent":0,"menu_order":1,"comment_status":"closed","ping_status":"open","template":"","meta":[],"_links":{"self":[{"href":"https:\/\/preycap.com.mx\/web\/wp-json\/wp\/v2\/pages\/27"}],"collection":[{"href":"https:\/\/preycap.com.mx\/web\/wp-json\/wp\/v2\/pages"}],"about":[{"href":"https:\/\/preycap.com.mx\/web\/wp-json\/wp\/v2\/types\/page"}],"author":[{"embeddable":true,"href":"https:\/\/preycap.com.mx\/web\/wp-json\/wp\/v2\/users\/1"}],"replies":[{"embeddable":true,"href":"https:\/\/preycap.com.mx\/web\/wp-json\/wp\/v2\/comments?post=27"}],"version-history":[{"count":301,"href":"https:\/\/preycap.com.mx\/web\/wp-json\/wp\/v2\/pages\/27\/revisions"}],"predecessor-version":[{"id":997,"href":"https:\/\/preycap.com.mx\/web\/wp-json\/wp\/v2\/pages\/27\/revisions\/997"}],"wp:attachment":[{"href":"https:\/\/preycap.com.mx\/web\/wp-json\/wp\/v2\/media?parent=27"}],"curies":[{"name":"wp","href":"https:\/\/api.w.org\/{rel}","templated":true}]}}