{"id":14,"date":"2015-07-27T16:12:11","date_gmt":"2015-07-27T21:12:11","guid":{"rendered":"http:\/\/preycap.com.mx\/web\/?page_id=14"},"modified":"2017-09-11T10:37:45","modified_gmt":"2017-09-11T15:37:45","slug":"inicio","status":"publish","type":"page","link":"https:\/\/preycap.com.mx\/web\/","title":{"rendered":"Inicio"},"content":{"rendered":"[vc_row fullwidth=&#8221;true&#8221; css=&#8221;.vc_custom_1444759490677{padding-top: 0px !important;padding-right: 0px !important;padding-bottom: 0px !important;padding-left: 0px !important;}&#8221;][vc_column][mk_page_title_box page_title=&#8221;BIENVENIDOS&#8221; page_subtitle=&#8221;Proyectos Especializados en Impacto<br \/>\ny Capacitaci\u00f3n Ambiental&#8221; section_height=&#8221;700&#8243; bg_type=&#8221;video&#8221; mp4=&#8221;https:\/\/preycap.com.mx\/preycap_intro.mp4&#8243; webm=&#8221;https:\/\/preycap.com.mx\/preycap_intro.webm&#8221; ogv=&#8221;https:\/\/preycap.com.mx\/preycap_intro.ogv&#8221; overlay=&#8221;rgba(10,10,10,0.65)&#8221; bg_effects=&#8221;parallax&#8221; font_size=&#8221;55&#8243; font_color=&#8221;#f4f4f4&#8243; font_weight=&#8221;900&#8243; underline=&#8221;false&#8221; padding=&#8221;50&#8243; sub_font_color=&#8221;#dd9933&#8243; sub_font_weight=&#8221;bold&#8221;][mk_divider style=&#8221;thick_solid&#8221; border_color=&#8221;#dd9933&#8243; margin_top=&#8221;0&#8243; margin_bottom=&#8221;0&#8243;][\/vc_column][\/vc_row][mk_page_section bg_image=&#8221;https:\/\/preycap.com.mx\/web\/wp-content\/uploads\/2015\/07\/33.png&#8221; attachment=&#8221;fixed&#8221; full_width=&#8221;true&#8221; padding_top=&#8221;0&#8243; padding_bottom=&#8221;0&#8243; has_top_shape_divider=&#8221;true&#8221; top_shape_style=&#8221;jagged-rounded-top&#8221; top_shape_color=&#8221;#dd9933&#8243; top_shape_bg_color=&#8221;rgba(129,215,66,0)&#8221; has_bottom_shape_divider=&#8221;true&#8221; bottom_shape_style=&#8221;jagged-rounded-bottom&#8221; bottom_shape_color=&#8221;#dd9933&#8243; predefined_bg=&#8221;33&#8243; sidebar=&#8221;sidebar-1&#8243;][vc_column][mk_padding_divider][vc_raw_html]JTNDJTIxLS0lMjBHbyUyMHRvJTIwd3d3LmFkZHRoaXMuY29tJTJGZGFzaGJvYXJkJTIwdG8lMjBjdXN0b21pemUlMjB5b3VyJTIwdG9vbHMlMjAtLSUzRSUwQSUzQ3NjcmlwdCUyMHR5cGUlM0QlMjJ0ZXh0JTJGamF2YXNjcmlwdCUyMiUyMHNyYyUzRCUyMiUyRiUyRnM3LmFkZHRoaXMuY29tJTJGanMlMkYzMDAlMkZhZGR0aGlzX3dpZGdldC5qcyUyM3B1YmlkJTNEcmEtNTYyMWU4NTQxOWJkMDI1MCUyMiUyMGFzeW5jJTNEJTIyYXN5bmMlMjIlM0UlM0MlMkZzY3JpcHQlM0UlMEE=[\/vc_raw_html][\/vc_column][vc_column width=&#8221;1\/4&#8243;][mk_milestone icon=&#8221;mk-icon-coffee&#8221; icon_size=&#8221;medium&#8221; align=&#8221;center&#8221; stop=&#8221;87600&#8243; speed=&#8221;5000&#8243; prefix=&#8221;+&#8221; text=&#8221;Horas de Trabajo&#8221; text_color=&#8221;#dbdbdb&#8221; font_family=&#8221;none&#8221; desc_size=&#8221;18&#8243;][\/vc_column][vc_column width=&#8221;1\/4&#8243;][mk_milestone icon=&#8221;mk-moon-user-7&#8243; icon_size=&#8221;medium&#8221; align=&#8221;center&#8221; stop=&#8221;25&#8243; speed=&#8221;5000&#8243; prefix=&#8221;+&#8221; text=&#8221;Clientes Satisfechos&#8221; text_color=&#8221;#dbdbdb&#8221; font_family=&#8221;none&#8221; desc_size=&#8221;18&#8243;][\/vc_column][vc_column width=&#8221;1\/4&#8243;][mk_milestone icon=&#8221;mk-moon-tree&#8221; icon_size=&#8221;medium&#8221; align=&#8221;center&#8221; stop=&#8221;17500&#8243; speed=&#8221;5000&#8243; prefix=&#8221;+&#8221; text=&#8221;Arboles Reforestados&#8221; text_color=&#8221;#dbdbdb&#8221; font_family=&#8221;none&#8221; desc_size=&#8221;18&#8243;][\/vc_column][vc_column width=&#8221;1\/4&#8243;][mk_milestone icon=&#8221;mk-moon-paw&#8221; icon_size=&#8221;medium&#8221; align=&#8221;center&#8221; stop=&#8221;3500&#8243; speed=&#8221;5000&#8243; prefix=&#8221;+&#8221; text=&#8221;Especies Conservadas&#8221; text_color=&#8221;#dbdbdb&#8221; font_family=&#8221;none&#8221; desc_size=&#8221;18&#8243;][\/vc_column][vc_column][\/vc_column][\/mk_page_section][vc_row fullwidth=&#8221;true&#8221;][vc_column][mk_divider style=&#8221;thick_solid&#8221; border_color=&#8221;#dd9933&#8243; margin_top=&#8221;0&#8243; margin_bottom=&#8221;0&#8243;][mk_padding_divider size=&#8221;50&#8243;][\/vc_column][\/vc_row][mk_page_section bg_image=&#8221;https:\/\/preycap.com.mx\/web\/wp-content\/uploads\/2015\/07\/preycap-inicio-imagen01.jpg&#8221; bg_stretch=&#8221;true&#8221; video_loop=&#8221;false&#8221; video_mask=&#8221;true&#8221; bg_gradient=&#8221;vertical&#8221; video_color_mask=&#8221;#dd9933&#8243; gr_end=&#8221;#686868&#8243; js_vertical_centered=&#8221;true&#8221; padding_top=&#8221;30&#8243; padding_bottom=&#8221;30&#8243; sidebar=&#8221;sidebar-1&#8243;][vc_column][mk_flipbox front_background_color=&#8221;#dd9933&#8243; back_background_color=&#8221;#333333&#8243; min_height=&#8221;500&#8243; icon_type=&#8221;icon&#8221; icon=&#8221;mk-moon-user-7&#8243; icon_size=&#8221;128&#8243; icon_color=&#8221;#200000&#8243; front_title=&#8221;Conocenos&#8230;&#8221; front_title_size=&#8221;30&#8243; front_title_color=&#8221;#ffffff&#8221; back_title=&#8221;NUESTRO COMPROMISO&#8221; back_title_size=&#8221;24&#8243; back_title_color=&#8221;#dd9933&#8243; font_weight=&#8221;bold&#8221; front_desc_size=&#8221;15&#8243; front_desc_color=&#8221;#ededed&#8221; back_desc=&#8221;Queremos darte la bienvenida a nuestro sitio y te ofrecemos un cordial saludo.<\/p>\n<p>Nuestro equipo de profesionales le porporcionar\u00e1n un servicio adecuado a sus necesidades y requerimiento.<\/p>\n<p>Tenemos el conocimiento, herramientas y el personal capacitado para llevar a cabo su proyecto; desde la planeaci\u00f3n hasta la ejecuci\u00f3n y reporte de resultados.<\/p>\n<p>Ponte en contacto con alguno de nuestros representantes para estudiar el caso y ofrecerte las mejores alternativas.&#8221; back_desc_size=&#8221;16&#8243; back_desc_color=&#8221;#e8e8e8&#8243; button_url=&#8221;https:\/\/www.preycap.com.mx\/web\/nosotros\/&#8221; button_text=&#8221;Leer m\u00e1s&#8230;&#8221; button_bg_color=&#8221;#dd9933&#8243; button_bg_hover_color=&#8221;#000000&#8243;][\/vc_column][\/mk_page_section][vc_row fullwidth=&#8221;true&#8221;][vc_column css=&#8221;.vc_custom_1439507473387{background-position: center !important;background-repeat: no-repeat !important;background-size: cover !important;}&#8221;][mk_padding_divider size=&#8221;80&#8243;][mk_fancy_title color=&#8221;#dd9933&#8243; size=&#8221;45&#8243; font_weight=&#8221;bolder&#8221; txt_transform=&#8221;uppercase&#8221; letter_spacing=&#8221;6&#8243; margin_bottom=&#8221;0&#8243; font_family=&#8221;none&#8221; align=&#8221;center&#8221;]SERVICIOS[\/mk_fancy_title][mk_divider divider_width=&#8221;one_half&#8221; margin_top=&#8221;0&#8243; margin_bottom=&#8221;10&#8243;][\/vc_column][\/vc_row][mk_page_section bg_image=&#8221;https:\/\/preycap.com.mx\/web\/wp-content\/uploads\/2015\/07\/preycap-inicio-imagen02a.jpg&#8221; attachment=&#8221;fixed&#8221; bg_repeat=&#8221;no-repeat&#8221; bg_stretch=&#8221;true&#8221; full_height=&#8221;true&#8221; padding_top=&#8221;0&#8243; padding_bottom=&#8221;0&#8243; sidebar=&#8221;sidebar-1&#8243;][vc_column][mk_animated_columns column_height=&#8221;410&#8243; column_number=&#8221;5&#8243; order=&#8221;ASC&#8221; orderby=&#8221;none&#8221; bg_color=&#8221;#dd9933&#8243; bg_hover_color=&#8221;#474747&#8243; icon_size=&#8221;128&#8243; icon_color=&#8221;#ffffff&#8221; icon_hover_color=&#8221;#dd9933&#8243; txt_color=&#8221;#494949&#8243; txt_hover_color=&#8221;#ffffff&#8221; btn_color=&#8221;#ffffff&#8221; btn_hover_color=&#8221;#dd9933&#8243; columns=&#8221;162,164,166,888,890&#8243;][\/vc_column][\/mk_page_section][vc_row fullwidth=&#8221;true&#8221;][vc_column css=&#8221;.vc_custom_1439507473387{background-position: center !important;background-repeat: no-repeat !important;background-size: cover !important;}&#8221;][\/vc_column][\/vc_row][mk_page_section bg_image=&#8221;https:\/\/preycap.com.mx\/web\/wp-content\/uploads\/2015\/07\/33.png&#8221; video_loop=&#8221;false&#8221; full_width=&#8221;true&#8221; js_vertical_centered=&#8221;true&#8221; has_top_shape_divider=&#8221;true&#8221; top_shape_style=&#8221;jagged-rounded-top&#8221; top_shape_color=&#8221;#dd9933&#8243; top_shape_bg_color=&#8221;rgba(221,153,51,0)&#8221; has_bottom_shape_divider=&#8221;true&#8221; bottom_shape_style=&#8221;jagged-rounded-bottom&#8221; bottom_shape_color=&#8221;#dd9933&#8243; bottom_shape_bg_color=&#8221;rgba(221,153,51,0)&#8221; sidebar=&#8221;sidebar-1&#8243;][vc_column][mk_padding_divider size=&#8221;50&#8243;][mk_fancy_title color=&#8221;#dd9933&#8243; size=&#8221;45&#8243; font_weight=&#8221;bolder&#8221; txt_transform=&#8221;uppercase&#8221; letter_spacing=&#8221;6&#8243; margin_bottom=&#8221;0&#8243; font_family=&#8221;none&#8221; align=&#8221;center&#8221;]ACTIVIDADES Y CURSOS[\/mk_fancy_title][mk_divider divider_width=&#8221;one_half&#8221; margin_top=&#8221;0&#8243; margin_bottom=&#8221;10&#8243;]<div class=\"avt_masterslider_el \" >\n\t\t<!-- MasterSlider -->\n\t\t<div id=\"P_MS69d9fa468d788\" class=\"master-slider-parent ms-parent-id-2\" style=\"max-width:900px;\"  >\n\n\t\t\t\n\t\t\t<!-- MasterSlider Main -->\n\t\t\t<div id=\"MS69d9fa468d788\" class=\"master-slider ms-skin-default\" >\n\t\t\t\t \t\t\t\t \n\n\t\t\t<div  class=\"ms-slide\" data-delay=\"5\" data-fill-mode=\"fill\"  data-id=\"01\"  >\n\t\t\t\t\t<img src=\"https:\/\/preycap.com.mx\/web\/wp-content\/plugins\/masterslider\/public\/assets\/css\/blank.gif\" alt=\"\" title=\"proy_01\" data-src=\"https:\/\/preycap.com.mx\/web\/wp-content\/uploads\/2017\/09\/proy_01.jpg\" \/>\n\n\t\t\t\t\t<div class=\"ms-info\"><div dir=\"ltr\"><div class=\"gmail_quote\"><div dir=\"ltr\"><blockquote><div style=\"text-align: center;\">Impartici\u00f3n del Curso Sistemas de Informaci\u00f3n Geogr\u00e1fica (SIG) dirigido a estudiantes y profesionales de ciencias biol\u00f3gicas y ramas afines, 100% pr\u00e1ctico. Ofrece los conocimientos te\u00f3ricos y pr\u00e1cticos necesarios para la gesti\u00f3n de datos espaciales, as\u00ed como, la toma de decisiones a escalas regionales y locales.<\/div><\/blockquote><\/div><\/div><\/div><\/div>\n\n\n\t\t\t\t<\/div>\n\t\t\t<div  class=\"ms-slide\" data-delay=\"5\" data-fill-mode=\"fill\"  data-id=\"02\"  >\n\t\t\t\t\t<img src=\"https:\/\/preycap.com.mx\/web\/wp-content\/plugins\/masterslider\/public\/assets\/css\/blank.gif\" alt=\"\" title=\"proy_02\" data-src=\"https:\/\/preycap.com.mx\/web\/wp-content\/uploads\/2017\/09\/proy_02.jpg\" \/>\n\n\t\t\t\t\t<div class=\"ms-info\"><div><div dir=\"ltr\"><div class=\"gmail_quote\"><div dir=\"ltr\"><blockquote><div style=\"text-align: center;\">Curso-taller, te\u00f3rico pr\u00e1ctico de Cultivo y germinaci\u00f3n de orqu\u00eddeas con diferentes t\u00e9cnicas de propagaci\u00f3n con materiales accesibles y puedes realizarlo de manera casera.<\/div><\/blockquote><\/div><\/div><\/div><\/div><\/div>\n\n\n\t\t\t\t<\/div>\n\t\t\t<div  class=\"ms-slide\" data-delay=\"5\" data-fill-mode=\"fill\"  data-id=\"03\"  >\n\t\t\t\t\t<img src=\"https:\/\/preycap.com.mx\/web\/wp-content\/plugins\/masterslider\/public\/assets\/css\/blank.gif\" alt=\"\" title=\"proy_03\" data-src=\"https:\/\/preycap.com.mx\/web\/wp-content\/uploads\/2017\/09\/proy_03.jpg\" \/>\n\n\t\t\t\t\t<div class=\"ms-info\"><div><div dir=\"ltr\"><div class=\"gmail_quote\"><div dir=\"ltr\"><blockquote><div style=\"text-align: center;\">Taller de Elaboraci\u00f3n de Jabones Artesanales en el cual se ense\u00f1a la t\u00e9cnica para elaborar los jabones con diferentes estilos.<\/div><\/blockquote><\/div><\/div><\/div><\/div><\/div>\n\n\n\t\t\t\t<\/div>\n\t\t\t<div  class=\"ms-slide\" data-delay=\"5\" data-fill-mode=\"fill\"   >\n\t\t\t\t\t<img src=\"https:\/\/preycap.com.mx\/web\/wp-content\/plugins\/masterslider\/public\/assets\/css\/blank.gif\" alt=\"\" title=\"proy_04\" data-src=\"https:\/\/preycap.com.mx\/web\/wp-content\/uploads\/2017\/09\/proy_04.jpg\" \/>\n\n\t\t\t\t\t<div class=\"ms-info\"><blockquote><div><div dir=\"ltr\"><div class=\"gmail_quote\"><div dir=\"ltr\"><div style=\"text-align: center;\">Participaci\u00f3n con talleres de educaci\u00f3n ambiental en eventos como Ferias Ambientales que promueven una consciencia ecol\u00f3gica y una vida m\u00e1s sustentable con el ambiente.<\/div><\/div><\/div><\/div><\/div><\/blockquote><\/div>\n\n\n\t\t\t\t<\/div>\n\t\t\t<div  class=\"ms-slide\" data-delay=\"5\" data-fill-mode=\"fill\"   >\n\t\t\t\t\t<img src=\"https:\/\/preycap.com.mx\/web\/wp-content\/plugins\/masterslider\/public\/assets\/css\/blank.gif\" alt=\"\" title=\"proy_05\" data-src=\"https:\/\/preycap.com.mx\/web\/wp-content\/uploads\/2017\/09\/proy_05.jpg\" \/>\n\n\t\t\t\t\t<div class=\"ms-info ms-info-empty\">&nbsp;<\/div>\n\n\n\t\t\t\t<\/div>\n\n\t\t\t<\/div>\n\t\t\t<!-- END MasterSlider Main -->\n\n\t\t\t \n\t\t<\/div>\n\t\t<!-- END MasterSlider -->\n\n\t\t<script>\n\t\t( window.MSReady = window.MSReady || [] ).push( function( $ ) {\n\n\t\t\t\"use strict\";\n\t\t\tvar masterslider_d788 = new MasterSlider();\n\n\t\t\t\/\/ slider controls\n\t\t\tmasterslider_d788.control('arrows'     ,{ autohide:true, overVideo:true  });\n\t\t\tmasterslider_d788.control('timebar'    ,{ autohide:false, overVideo:false, align:'top', color:'#e88d23'  , width:5 });\n\t\t\tmasterslider_d788.control('slideinfo'  ,{ autohide:false, overVideo:true, dir:'h', align:'bottom',inset:false , margin:10   });\n\t\t\t\/\/ slider setup\n\t\t\tmasterslider_d788.setup(\"MS69d9fa468d788\", {\n\t\t\t\twidth           : 900,\n\t\t\t\theight          : 400,\n\t\t\t\tminHeight       : 0,\n\t\t\t\tspace           : 0,\n\t\t\t\tstart           : 1,\n\t\t\t\tgrabCursor      : true,\n\t\t\t\tswipe           : true,\n\t\t\t\tmouse           : true,\n\t\t\t\tkeyboard        : false,\n\t\t\t\tlayout          : \"boxed\",\n\t\t\t\twheel           : false,\n\t\t\t\tautoplay        : true,\n                instantStartLayers:false,\n\t\t\t\tmobileBGVideo:false,\n\t\t\t\tloop            : true,\n\t\t\t\tshuffle         : false,\n\t\t\t\tpreload         : 0,\n\t\t\t\theightLimit     : true,\n\t\t\t\tautoHeight      : false,\n\t\t\t\tsmoothHeight    : true,\n\t\t\t\tendPause        : false,\n\t\t\t\toverPause       : false,\n\t\t\t\tfillMode        : \"fill\",\n\t\t\t\tcenterControls  : true,\n\t\t\t\tstartOnAppear   : true,\n\t\t\t\tlayersMode      : \"center\",\n\t\t\t\tautofillTarget  : \"\",\n\t\t\t\thideLayers      : false,\n\t\t\t\tfullscreenMargin: 0,\n\t\t\t\tspeed           : 20,\n\t\t\t\tdir             : \"h\",\n\t\t\t\tparallaxMode    : 'swipe',\n\t\t\t\tview            : \"parallaxMask\"\n\t\t\t});\n\n\t\t\t\n\t\t\twindow.masterslider_instances = window.masterslider_instances || [];\n\t\t\twindow.masterslider_instances.push( masterslider_d788 );\n\t\t});\n\t\t<\/script>\n\n<\/div>[mk_button dimension=&#8221;savvy&#8221; size=&#8221;large&#8221; letter_spacing=&#8221;2&#8243; icon=&#8221;mk-jupiter-icon-doc&#8221; url=&#8221;https:\/\/preycap.com.mx\/web\/contacto\/&#8221; align=&#8221;center&#8221; margin_top=&#8221;10&#8243; margin_bottom=&#8221;10&#8243; outline_skin=&#8221;light&#8221;]CONT\u00c1CTANOS&#8230;[\/mk_button][\/vc_column][\/mk_page_section]\n","protected":false},"excerpt":{"rendered":"<p>[vc_row fullwidth=&#8221;true&#8221; css=&#8221;.vc_custom_1444759490677{padding-top: 0px !important;padding-right: 0px !important;padding-bottom: 0px !important;padding-left: 0px !important;}&#8221;][vc_column][mk_page_title_box page_title=&#8221;BIENVENIDOS&#8221; page_subtitle=&#8221;Proyectos Especializados en Impacto y Capacitaci\u00f3n Ambiental&#8221; section_height=&#8221;700&#8243; bg_type=&#8221;video&#8221; mp4=&#8221;https:\/\/preycap.com.mx\/preycap_intro.mp4&#8243; webm=&#8221;https:\/\/preycap.com.mx\/preycap_intro.webm&#8221; ogv=&#8221;https:\/\/preycap.com.mx\/preycap_intro.ogv&#8221; overlay=&#8221;rgba(10,10,10,0.65)&#8221; bg_effects=&#8221;parallax&#8221; font_size=&#8221;55&#8243; font_color=&#8221;#f4f4f4&#8243; font_weight=&#8221;900&#8243; underline=&#8221;false&#8221; padding=&#8221;50&#8243; sub_font_color=&#8221;#dd9933&#8243; sub_font_weight=&#8221;bold&#8221;][mk_divider style=&#8221;thick_solid&#8221; border_color=&#8221;#dd9933&#8243; margin_top=&#8221;0&#8243; margin_bottom=&#8221;0&#8243;][\/vc_column][\/vc_row][mk_page_section bg_image=&#8221;https:\/\/preycap.com.mx\/web\/wp-content\/uploads\/2015\/07\/33.png&#8221; attachment=&#8221;fixed&#8221; full_width=&#8221;true&#8221; padding_top=&#8221;0&#8243; padding_bottom=&#8221;0&#8243; has_top_shape_divider=&#8221;true&#8221; top_shape_style=&#8221;jagged-rounded-top&#8221; top_shape_color=&#8221;#dd9933&#8243; top_shape_bg_color=&#8221;rgba(129,215,66,0)&#8221; has_bottom_shape_divider=&#8221;true&#8221; bottom_shape_style=&#8221;jagged-rounded-bottom&#8221; bottom_shape_color=&#8221;#dd9933&#8243; predefined_bg=&#8221;33&#8243; sidebar=&#8221;sidebar-1&#8243;][vc_column][mk_padding_divider][vc_raw_html]JTNDJTIxLS0lMjBHbyUyMHRvJTIwd3d3LmFkZHRoaXMuY29tJTJGZGFzaGJvYXJkJTIwdG8lMjBjdXN0b21pemUlMjB5b3VyJTIwdG9vbHMlMjAtLSUzRSUwQSUzQ3NjcmlwdCUyMHR5cGUlM0QlMjJ0ZXh0JTJGamF2YXNjcmlwdCUyMiUyMHNyYyUzRCUyMiUyRiUyRnM3LmFkZHRoaXMuY29tJTJGanMlMkYzMDAlMkZhZGR0aGlzX3dpZGdldC5qcyUyM3B1YmlkJTNEcmEtNTYyMWU4NTQxOWJkMDI1MCUyMiUyMGFzeW5jJTNEJTIyYXN5bmMlMjIlM0UlM0MlMkZzY3JpcHQlM0UlMEE=[\/vc_raw_html][\/vc_column][vc_column width=&#8221;1\/4&#8243;][mk_milestone icon=&#8221;mk-icon-coffee&#8221; icon_size=&#8221;medium&#8221; align=&#8221;center&#8221; [&hellip;]<\/p>\n","protected":false},"author":1,"featured_media":0,"parent":0,"menu_order":0,"comment_status":"closed","ping_status":"open","template":"","meta":[],"_links":{"self":[{"href":"https:\/\/preycap.com.mx\/web\/wp-json\/wp\/v2\/pages\/14"}],"collection":[{"href":"https:\/\/preycap.com.mx\/web\/wp-json\/wp\/v2\/pages"}],"about":[{"href":"https:\/\/preycap.com.mx\/web\/wp-json\/wp\/v2\/types\/page"}],"author":[{"embeddable":true,"href":"https:\/\/preycap.com.mx\/web\/wp-json\/wp\/v2\/users\/1"}],"replies":[{"embeddable":true,"href":"https:\/\/preycap.com.mx\/web\/wp-json\/wp\/v2\/comments?post=14"}],"version-history":[{"count":265,"href":"https:\/\/preycap.com.mx\/web\/wp-json\/wp\/v2\/pages\/14\/revisions"}],"predecessor-version":[{"id":1156,"href":"https:\/\/preycap.com.mx\/web\/wp-json\/wp\/v2\/pages\/14\/revisions\/1156"}],"wp:attachment":[{"href":"https:\/\/preycap.com.mx\/web\/wp-json\/wp\/v2\/media?parent=14"}],"curies":[{"name":"wp","href":"https:\/\/api.w.org\/{rel}","templated":true}]}}